{"id":185,"date":"2023-10-24T11:21:18","date_gmt":"2023-10-24T09:21:18","guid":{"rendered":"https:\/\/cen.ujk.edu.pl\/new\/?page_id=185"},"modified":"2025-10-01T07:51:03","modified_gmt":"2025-10-01T05:51:03","slug":"karty-przedmiotow","status":"publish","type":"page","link":"https:\/\/cen.ujk.edu.pl\/new\/karty-przedmiotow\/","title":{"rendered":"Karty przedmiot\u00f3w"},"content":{"rendered":"<h2>Logopedia og\u00f3lna I stopie\u0144:<\/h2>\n<p>1L. <a href=\"https:\/\/cen.ujk.edu.pl\/new\/wp-content\/uploads\/2025\/09\/1.-Psychologia-ogolna.pdf\" target=\"_blank\" rel=\"noopener\">Psychologia og\u00f3lna<\/a><br \/>\n2L. <a href=\"https:\/\/cen.ujk.edu.pl\/new\/wp-content\/uploads\/2025\/09\/2.-Psychologia-rozwojowa-i-osobowosci.pdf\" target=\"_blank\" rel=\"noopener\">Psychologia rozwojowa i osobowo\u015bci<\/a><br \/>\n3L. <a href=\"https:\/\/cen.ujk.edu.pl\/new\/wp-content\/uploads\/2025\/09\/3.-Psychologia-spoleczno-wychowawcza.pdf\" target=\"_blank\" rel=\"noopener\">Psychologia spo\u0142eczno-wychowawcza<\/a><br \/>\n4L. <a href=\"https:\/\/cen.ujk.edu.pl\/new\/wp-content\/uploads\/2025\/10\/4.-Psychospoleczne-podstawy-trudnosci-szkolnych.pdf\" target=\"_blank\" rel=\"noopener\">Psychospo\u0142eczne podstawy trudno\u015bci szkolnych<\/a><br \/>\n5L. <a href=\"https:\/\/cen.ujk.edu.pl\/new\/wp-content\/uploads\/2025\/09\/5.-Komunikacja-interpersonalna-w-pracy-nauczyciela.pdf\" target=\"_blank\" rel=\"noopener\">Komunikacja interpersonalna w pracy nauczyciela<\/a><br \/>\n6L. <a href=\"https:\/\/cen.ujk.edu.pl\/new\/wp-content\/uploads\/2025\/09\/6.-Pedagogika-ogolna.pdf\" target=\"_blank\" rel=\"noopener\">Pedagogika og\u00f3lna<\/a><br \/>\n7L. <a href=\"https:\/\/cen.ujk.edu.pl\/new\/wp-content\/uploads\/2025\/09\/7.-Pedagogika-spoleczna-i-opiekunczo-wychowawcza.pdf\" target=\"_blank\" rel=\"noopener\">Pedagogika spo\u0142eczna i opieku\u0144czo-wychowawcza<\/a><br \/>\n8L. <a href=\"https:\/\/cen.ujk.edu.pl\/new\/wp-content\/uploads\/2025\/09\/8.-Teoria-wychowania.pdf\" target=\"_blank\" rel=\"noopener\">Teoria wychowania<\/a><br \/>\n9L. <a href=\"https:\/\/cen.ujk.edu.pl\/new\/wp-content\/uploads\/2025\/09\/9.-Warsztat-pracy-nauczyciela.pdf\" target=\"_blank\" rel=\"noopener\">Warsztat pracy nauczyciela<\/a><br \/>\n10L. <a href=\"https:\/\/cen.ujk.edu.pl\/new\/wp-content\/uploads\/2025\/10\/10.-Doradztwo-edukacyjno-zawodowe.pdf\" target=\"_blank\" rel=\"noopener\">Doradztwo edukacyjno-zawodowe<\/a><br \/>\n11L. <a href=\"https:\/\/cen.ujk.edu.pl\/new\/wp-content\/uploads\/2025\/09\/11.-Podstawy-pedeutologii.pdf\" target=\"_blank\" rel=\"noopener\">Podstawy pedeutologii<\/a><br \/>\n12L. <a href=\"https:\/\/cen.ujk.edu.pl\/new\/wp-content\/uploads\/2025\/09\/12.-Praktyka-zawodowa-psychologiczno-pedagogiczna.pdf\" target=\"_blank\" rel=\"noopener\">Praktyka zawodowa psychologiczno-pedagogiczna<\/a><br \/>\n13L. <a href=\"https:\/\/cen.ujk.edu.pl\/new\/wp-content\/uploads\/2025\/10\/13.-Wybrane-zagadnienia-prawa-oswiatowego.pdf\" target=\"_blank\" rel=\"noopener\">Wybrane zagadnienia prawa o\u015bwiatowego<\/a><\/p>\n<h2>Logopedia og\u00f3lna II stopie\u0144:<\/h2>\n<p>1L.II. <a href=\"https:\/\/cen.ujk.edu.pl\/new\/wp-content\/uploads\/2025\/09\/1.II_.-Psychologiczne-podstawy-dzialalnosci-nauczyciela-szkoly-ponadpodstawowej.pdf\" target=\"_blank\" rel=\"noopener\">Psychologiczne podstawy dzia\u0142alno\u015bci nauczyciela szko\u0142y ponadpodstawowej<\/a><br \/>\n2L.II. <a href=\"https:\/\/cen.ujk.edu.pl\/new\/wp-content\/uploads\/2025\/09\/2.II_.-Pedagogiczne-podstawy-dzialalnosci-nauczyciela-szkoly-ponadpodstawowej.pdf\" target=\"_blank\" rel=\"noopener\">Pedagogiczne podstawy dzia\u0142alno\u015bci nauczyciela szko\u0142y ponadpodstawowej<\/a><br \/>\n3L.II. <a href=\"https:\/\/cen.ujk.edu.pl\/new\/wp-content\/uploads\/2025\/09\/3.II_.-Praktyka-zawodowa-psychologiczno-pedagogiczna.pdf\" target=\"_blank\" rel=\"noopener\">Praktyka zawodowa psychologiczno-pedagogiczna obserwacyjna w szkole ponadpodstawowej<\/a><\/p>\n<h2>Studia I stopnia:<\/h2>\n<p>1A. <a href=\"https:\/\/cen.ujk.edu.pl\/new\/wp-content\/uploads\/2025\/09\/1.-Psychologia-ogolna-1.pdf\" target=\"_blank\" rel=\"noopener\">Psychologia og\u00f3lna<\/a><br \/>\n2A. <a href=\"https:\/\/cen.ujk.edu.pl\/new\/wp-content\/uploads\/2025\/09\/2.-Psychologia-rozwojowa.pdf\" target=\"_blank\" rel=\"noopener\">Psychologia rozwojowa<\/a><br \/>\n3A. <a href=\"https:\/\/cen.ujk.edu.pl\/new\/wp-content\/uploads\/2025\/09\/3.-Psychologia-spoleczno-wychowawcza-1.pdf\" target=\"_blank\" rel=\"noopener\">Psychologia spo\u0142eczno-wychowawcza<\/a><br \/>\n4A. <a href=\"https:\/\/cen.ujk.edu.pl\/new\/wp-content\/uploads\/2025\/09\/4.-Podstawy-prawne-i-organizacyjne-systemu-oswiaty.pdf\" target=\"_blank\" rel=\"noopener\">Podstawy prawne i organizacyjne systemu o\u015bwiaty<\/a><br \/>\n5A. <a href=\"https:\/\/cen.ujk.edu.pl\/new\/wp-content\/uploads\/2025\/09\/5A.-Pedeutologia.pdf\" target=\"_blank\" rel=\"noopener\">Pedeutologia<\/a><br \/>\n5B. <a href=\"https:\/\/cen.ujk.edu.pl\/new\/wp-content\/uploads\/2025\/09\/5B.-Pedeutologia-Filologia-angielska.pdf\" target=\"_blank\" rel=\"noopener\">Pedeutologia &#8211; Filologia angielska<\/a><br \/>\n6A. <a href=\"https:\/\/cen.ujk.edu.pl\/new\/wp-content\/uploads\/2025\/09\/6.-Podstawy-pracy-wychowawczej-opiekunczej-i-profilaktycznej-nauczyciela.pdf\" target=\"_blank\" rel=\"noopener\">Podstawy pracy wychowawczej, opieku\u0144czej i profilaktycznej nauczyciela<\/a><br \/>\n7A. <a href=\"https:\/\/cen.ujk.edu.pl\/new\/wp-content\/uploads\/2025\/09\/7.-Diagnoza-nauczycielska-i-praca-z-uczniem-ze-specjalnymi-potrzebami-edukacyjnymi.pdf\" target=\"_blank\" rel=\"noopener\">Diagnoza nauczycielska i praca z uczniem ze specjalnymi potrzebami edukacyjnymi<\/a><br \/>\n8A. <a href=\"https:\/\/cen.ujk.edu.pl\/new\/wp-content\/uploads\/2025\/09\/8.-Doradztwo-edukacyjno-zawodowe.pdf\" target=\"_blank\" rel=\"noopener\">Doradztwo edukacyjno-zawodowe<\/a><br \/>\n9A. <a href=\"https:\/\/cen.ujk.edu.pl\/new\/wp-content\/uploads\/2025\/09\/9.-Praktyka-zawodowa-psychologiczno-pedagogiczna.pdf\" target=\"_blank\" rel=\"noopener\">Praktyka zawodowa psychologiczno-pedagogiczna<\/a><br \/>\n10A. <a href=\"https:\/\/cen.ujk.edu.pl\/new\/wp-content\/uploads\/2025\/09\/10.-Dydaktyka-ogolna.pdf\" target=\"_blank\" rel=\"noopener\">Dydaktyka og\u00f3lna<\/a><br \/>\n11A. <a href=\"https:\/\/cen.ujk.edu.pl\/new\/wp-content\/uploads\/2025\/09\/11.-Emisja-glosu.pdf\" target=\"_blank\" rel=\"noopener\">Emisja g\u0142osu<\/a><br \/>\n12A. <a href=\"https:\/\/cen.ujk.edu.pl\/new\/wp-content\/uploads\/2025\/09\/12.-Jezyk-w-procesie-ksztalcenia.pdf\" target=\"_blank\" rel=\"noopener\">J\u0119zyk w procesie kszta\u0142cenia<\/a><\/p>\n<h2>Studia I stopnia &#8211; Wydzia\u0142 Nauk \u015acis\u0142ych i Przyrodniczych (dla os\u00f3b rozpoczynaj\u0105cych studia w roku ak. 2025\/2026):<\/h2>\n<p>1A. <a href=\"https:\/\/cen.ujk.edu.pl\/new\/wp-content\/uploads\/2025\/09\/1.-Psychologia-ogolna-2.pdf\" target=\"_blank\" rel=\"noopener\">Psychologia og\u00f3lna<\/a><br \/>\n2A. <a href=\"https:\/\/cen.ujk.edu.pl\/new\/wp-content\/uploads\/2025\/09\/2.-Psychologia-rozwojowa-1.pdf\" target=\"_blank\" rel=\"noopener\">Psychologia rozwojowa<\/a><br \/>\n3A. <a href=\"https:\/\/cen.ujk.edu.pl\/new\/wp-content\/uploads\/2025\/09\/3.-Psychologia-spoleczno-wychowawcza-2.pdf\" target=\"_blank\" rel=\"noopener\">Psychologia spo\u0142eczno-wychowawcza<\/a><br \/>\n4A. <a href=\"https:\/\/cen.ujk.edu.pl\/new\/wp-content\/uploads\/2025\/09\/4.-Wprowadzenie-do-pedagogiki.pdf\" target=\"_blank\" rel=\"noopener\">Wprowadzenie do pedagogiki<\/a><br \/>\n5A. <a href=\"https:\/\/cen.ujk.edu.pl\/new\/wp-content\/uploads\/2025\/09\/5.-Pedagogiczne-podstawy-pracy-wychowawczej-opiekunczej-i-profilaktycznej-nauczyciela.pdf\" target=\"_blank\" rel=\"noopener\">Pedagogiczne podstawy pracy wychowawczej, opieku\u0144czej i profilaktycznej nauczyciela<\/a><br \/>\n6A. <a href=\"https:\/\/cen.ujk.edu.pl\/new\/wp-content\/uploads\/2025\/09\/6.-Podstawy-prawne-i-organizacyjne-systemu-oswiaty.pdf\" target=\"_blank\" rel=\"noopener\">Podstawy prawne<\/a><br \/>\n7A. <a href=\"https:\/\/cen.ujk.edu.pl\/new\/wp-content\/uploads\/2025\/09\/7.-Pedeutologia.pdf\" target=\"_blank\" rel=\"noopener\">Pedeutologia<\/a><br \/>\n8A. <a href=\"https:\/\/cen.ujk.edu.pl\/new\/wp-content\/uploads\/2025\/09\/8.-Diagnoza-nauczycielska-i-praca-z-uczniem-ze-specjalnymi-potrzebami-edukacyjnymi.pdf\" target=\"_blank\" rel=\"noopener\">Diagnoza nauczycielska i praca z uczniem ze specjalnymi potrzebami edukacyjnymi<\/a><br \/>\n9A. <a href=\"https:\/\/cen.ujk.edu.pl\/new\/wp-content\/uploads\/2025\/09\/9.-Doradztwo-edukacyjno-zawodowe.pdf\" target=\"_blank\" rel=\"noopener\">Doradztwo edukacyjno-zawodowe<\/a><br \/>\n10A. <a href=\"https:\/\/cen.ujk.edu.pl\/new\/wp-content\/uploads\/2025\/09\/10.-Dydaktyka-ogolna-1.pdf\" target=\"_blank\" rel=\"noopener\">Dydaktyka og\u00f3lna<\/a><br \/>\n11A. <a href=\"https:\/\/cen.ujk.edu.pl\/new\/wp-content\/uploads\/2025\/09\/11.-Emisja-glosu-1.pdf\" target=\"_blank\" rel=\"noopener\">Emisja g\u0142osu<\/a><br \/>\n12A. <a href=\"https:\/\/cen.ujk.edu.pl\/new\/wp-content\/uploads\/2025\/09\/12.-Jezyk-w-procesie-ksztalcenia-1.pdf\" target=\"_blank\" rel=\"noopener\">J\u0119zyk w procesie kszta\u0142cenia<\/a><br \/>\n13A. <a href=\"https:\/\/cen.ujk.edu.pl\/new\/wp-content\/uploads\/2025\/09\/13.-Praktyka-psychologiczno-pedagogiczna.pdf\" target=\"_blank\" rel=\"noopener\">Praktyka psychologiczno-pedagogiczna<\/a><\/p>\n<h2>Studia II stopnia:<\/h2>\n<p>1A.II. <a href=\"https:\/\/cen.ujk.edu.pl\/new\/wp-content\/uploads\/2025\/09\/1.II_.-Psychologiczne-podstawy-dzialalnosci-nauczyciela-szkoly-ponadpodstawowej-1.pdf\" target=\"_blank\" rel=\"noopener\">Psychologiczne podstawy dzia\u0142alno\u015bci nauczyciela szko\u0142y ponadpodstawowej<\/a><br \/>\n2A.II. <a href=\"https:\/\/cen.ujk.edu.pl\/new\/wp-content\/uploads\/2025\/09\/2.II_.-Pedagogiczne-podstawy-dzialalnosci-nauczyciela-szkoly-ponadpodstawowej-1.pdf\" target=\"_blank\" rel=\"noopener\">Pedagogiczne podstawy dzia\u0142alno\u015bci nauczyciela szko\u0142y ponadpodstawowej<\/a><br \/>\n3A.II. <a href=\"https:\/\/cen.ujk.edu.pl\/new\/wp-content\/uploads\/2025\/09\/3.-Praktyka-zawodowa-psychologiczno-pedagogiczna.pdf\" target=\"_blank\" rel=\"noopener\">Praktyka zawodowa psychologiczno-pedagogiczna<\/a><\/p>\n","protected":false},"excerpt":{"rendered":"<p>Logopedia og\u00f3lna I stopie\u0144: 1L. Psychologia og\u00f3lna 2L. Psychologia rozwojowa i osobowo\u015bci 3L. Psychologia spo\u0142eczno-wychowawcza 4L. Psychospo\u0142eczne podstawy trudno\u015bci szkolnych 5L. Komunikacja interpersonalna w pracy nauczyciela 6L. Pedagogika og\u00f3lna 7L. Pedagogika spo\u0142eczna i opieku\u0144czo-wychowawcza 8L. Teoria wychowania 9L. Warsztat pracy nauczyciela 10L. Doradztwo edukacyjno-zawodowe 11L. Podstawy pedeutologii 12L. Praktyka zawodowa psychologiczno-pedagogiczna 13L. Wybrane zagadnienia prawa [&hellip;]<\/p>\n","protected":false},"author":1,"featured_media":0,"parent":0,"menu_order":0,"comment_status":"closed","ping_status":"closed","template":"","meta":{"footnotes":""},"class_list":["post-185","page","type-page","status-publish","hentry"],"_links":{"self":[{"href":"https:\/\/cen.ujk.edu.pl\/new\/wp-json\/wp\/v2\/pages\/185","targetHints":{"allow":["GET"]}}],"collection":[{"href":"https:\/\/cen.ujk.edu.pl\/new\/wp-json\/wp\/v2\/pages"}],"about":[{"href":"https:\/\/cen.ujk.edu.pl\/new\/wp-json\/wp\/v2\/types\/page"}],"author":[{"embeddable":true,"href":"https:\/\/cen.ujk.edu.pl\/new\/wp-json\/wp\/v2\/users\/1"}],"replies":[{"embeddable":true,"href":"https:\/\/cen.ujk.edu.pl\/new\/wp-json\/wp\/v2\/comments?post=185"}],"version-history":[{"count":26,"href":"https:\/\/cen.ujk.edu.pl\/new\/wp-json\/wp\/v2\/pages\/185\/revisions"}],"predecessor-version":[{"id":497,"href":"https:\/\/cen.ujk.edu.pl\/new\/wp-json\/wp\/v2\/pages\/185\/revisions\/497"}],"wp:attachment":[{"href":"https:\/\/cen.ujk.edu.pl\/new\/wp-json\/wp\/v2\/media?parent=185"}],"curies":[{"name":"wp","href":"https:\/\/api.w.org\/{rel}","templated":true}]}}