{"id":235,"date":"2023-11-06T13:40:37","date_gmt":"2023-11-06T12:40:37","guid":{"rendered":"https:\/\/cen.ujk.edu.pl\/new\/?page_id=235"},"modified":"2023-11-06T14:34:33","modified_gmt":"2023-11-06T13:34:33","slug":"praktyka-zawodowa-od-roku-2023-2024","status":"publish","type":"page","link":"https:\/\/cen.ujk.edu.pl\/new\/praktyka-zawodowa-od-roku-2023-2024\/","title":{"rendered":"Praktyka zawodowa od roku 2023\/2024"},"content":{"rendered":"<h2>Dokumentacja obowi\u0105zuj\u0105ca od roku akademickiego 2023\/2024<\/h2>\n<p><a href=\"https:\/\/cen.ujk.edu.pl\/new\/wp-content\/uploads\/2023\/11\/Procedura-praktyki-zawodowej-psychologiczno-pedagogicznej.doc\" target=\"_blank\" rel=\"noopener\">PROCEDURA ODBYWANIA I DOKUMENTOWANIA STUDENCKICH PRAKTYK ZAWODOWYCH organizowanych przez Centrum Edukacji Nauczycielskiej UJK.<\/a><\/p>\n<p>1. <a href=\"https:\/\/cen.ujk.edu.pl\/new\/wp-content\/uploads\/2023\/11\/1.-Instrukcja-paktyki.docx\" target=\"_blank\" rel=\"noopener\">Instrukcja praktyki.<\/a><br \/>\n2a. <a href=\"https:\/\/cen.ujk.edu.pl\/new\/wp-content\/uploads\/2023\/11\/2a.-Program-praktyki-I-stopien.docx\" target=\"_blank\" rel=\"noopener\">Program praktyki I stopie\u0144<\/a>.<br \/>\n2b. <a href=\"https:\/\/cen.ujk.edu.pl\/new\/wp-content\/uploads\/2023\/11\/2b.-Program-praktyki-II-stopien.docx\" target=\"_blank\" rel=\"noopener\">Program praktyki II stopie\u0144<\/a>.<br \/>\n3. <a href=\"https:\/\/cen.ujk.edu.pl\/new\/wp-content\/uploads\/2023\/11\/3.-Wniosek.docx\" target=\"_blank\" rel=\"noopener\">Wniosek<\/a>.<br \/>\n4. <a href=\"https:\/\/cen.ujk.edu.pl\/new\/wp-content\/uploads\/2023\/11\/4.-Potwierdzenie-przyjecia-studenta.doc\" target=\"_blank\" rel=\"noopener\">Potwierdzenie przyj\u0119cia studenta<\/a>.<br \/>\n5. <a href=\"https:\/\/cen.ujk.edu.pl\/new\/wp-content\/uploads\/2023\/11\/5.-Umowa.docx\" target=\"_blank\" rel=\"noopener\">Umowa<\/a>.<br \/>\n6. <a href=\"https:\/\/cen.ujk.edu.pl\/new\/wp-content\/uploads\/2023\/11\/6.-Porozumienie-UJK-szkola.doc\" target=\"_blank\" rel=\"noopener\">Porozumienie UJK -szko\u0142a<\/a>.<br \/>\n7a. <a href=\"https:\/\/cen.ujk.edu.pl\/new\/wp-content\/uploads\/2023\/11\/7a.-Dziennik-praktyki-I-stopien.doc\" target=\"_blank\" rel=\"noopener\">Dziennik praktyki I stopie\u0144<\/a>.<br \/>\n7b. <a href=\"https:\/\/cen.ujk.edu.pl\/new\/wp-content\/uploads\/2023\/11\/7b.-Dziennik-praktyki-II-stopien.docx\" target=\"_blank\" rel=\"noopener\">Dziennik praktyki II stopie\u0144<\/a>.<br \/>\n8a. <a href=\"https:\/\/cen.ujk.edu.pl\/new\/wp-content\/uploads\/2023\/11\/8a.-Karta-informacyjna-I-stopien.docx\" target=\"_blank\" rel=\"noopener\">Karta informacyjna I stopie\u0144<\/a>.<br \/>\n8b. <a href=\"https:\/\/cen.ujk.edu.pl\/new\/wp-content\/uploads\/2023\/11\/8b.Karta-informacyjna-II-stopien.docx\" target=\"_blank\" rel=\"noopener\">Karta informacyjna II stopie\u0144<\/a>.<br \/>\n9. <a href=\"https:\/\/cen.ujk.edu.pl\/new\/wp-content\/uploads\/2023\/11\/9.Recenzja.docx\" target=\"_blank\" rel=\"noopener\">Recenzja<\/a>.<br \/>\n10. <a href=\"https:\/\/cen.ujk.edu.pl\/new\/wp-content\/uploads\/2023\/11\/10.-Arkusz-hospitacji_praktyk-psych_ped.docx\" target=\"_blank\" rel=\"noopener\">Arkusz hospitacji praktyk psych.-ped<\/a>.<br \/>\n11a. <a href=\"https:\/\/cen.ujk.edu.pl\/new\/wp-content\/uploads\/2023\/11\/11a.-Potwierdzenie-uzyskania-efektow.docx\" target=\"_blank\" rel=\"noopener\">Potwierdzenie uzyskania efekt\u00f3w<\/a>.<br \/>\n11b. <a href=\"https:\/\/cen.ujk.edu.pl\/new\/wp-content\/uploads\/2023\/11\/11b.-Potwierdzenie-uzyskania-efektow-uczenia-sie.docx\" target=\"_blank\" rel=\"noopener\">Potwierdzenie uzyskania efekt\u00f3w uczenia si\u0119<\/a>.<br \/>\n11c. <a href=\"https:\/\/cen.ujk.edu.pl\/new\/wp-content\/uploads\/2023\/11\/11c.-Potwierdzenie-zrealizowania-efektow-uczenia-sie.docx\" target=\"_blank\" rel=\"noopener\">Potwierdzenie zrealizowania efekt\u00f3w uczenia si\u0119<\/a>.<br \/>\n12. <a href=\"https:\/\/cen.ujk.edu.pl\/new\/wp-content\/uploads\/2023\/11\/12.-Rachunek.doc\" target=\"_blank\" rel=\"noopener\">Rachunek<\/a>.<br \/>\n13a. <a href=\"https:\/\/cen.ujk.edu.pl\/new\/wp-content\/uploads\/2023\/11\/13a.-Ankieta-dla-studenta-I-stopien.docx\" target=\"_blank\" rel=\"noopener\">Ankieta dla studenta I stopie\u0144<\/a>.<br \/>\n13b. <a href=\"https:\/\/cen.ujk.edu.pl\/new\/wp-content\/uploads\/2023\/11\/13b.-Ankieta-dla-studenta-II-stopien.docx\" target=\"_blank\" rel=\"noopener\">Ankieta dla studenta II stopie\u0144<\/a>.<\/p>\n","protected":false},"excerpt":{"rendered":"<p>Dokumentacja obowi\u0105zuj\u0105ca od roku akademickiego 2023\/2024 PROCEDURA ODBYWANIA I DOKUMENTOWANIA STUDENCKICH PRAKTYK ZAWODOWYCH organizowanych przez Centrum Edukacji Nauczycielskiej UJK. 1. Instrukcja praktyki. 2a. Program praktyki I stopie\u0144. 2b. Program praktyki II stopie\u0144. 3. Wniosek. 4. Potwierdzenie przyj\u0119cia studenta. 5. Umowa. 6. Porozumienie UJK -szko\u0142a. 7a. Dziennik praktyki I stopie\u0144. 7b. Dziennik praktyki II stopie\u0144. 8a. [&hellip;]<\/p>\n","protected":false},"author":1,"featured_media":0,"parent":0,"menu_order":0,"comment_status":"closed","ping_status":"closed","template":"","meta":{"footnotes":""},"class_list":["post-235","page","type-page","status-publish","hentry"],"_links":{"self":[{"href":"https:\/\/cen.ujk.edu.pl\/new\/wp-json\/wp\/v2\/pages\/235","targetHints":{"allow":["GET"]}}],"collection":[{"href":"https:\/\/cen.ujk.edu.pl\/new\/wp-json\/wp\/v2\/pages"}],"about":[{"href":"https:\/\/cen.ujk.edu.pl\/new\/wp-json\/wp\/v2\/types\/page"}],"author":[{"embeddable":true,"href":"https:\/\/cen.ujk.edu.pl\/new\/wp-json\/wp\/v2\/users\/1"}],"replies":[{"embeddable":true,"href":"https:\/\/cen.ujk.edu.pl\/new\/wp-json\/wp\/v2\/comments?post=235"}],"version-history":[{"count":6,"href":"https:\/\/cen.ujk.edu.pl\/new\/wp-json\/wp\/v2\/pages\/235\/revisions"}],"predecessor-version":[{"id":263,"href":"https:\/\/cen.ujk.edu.pl\/new\/wp-json\/wp\/v2\/pages\/235\/revisions\/263"}],"wp:attachment":[{"href":"https:\/\/cen.ujk.edu.pl\/new\/wp-json\/wp\/v2\/media?parent=235"}],"curies":[{"name":"wp","href":"https:\/\/api.w.org\/{rel}","templated":true}]}}