{"id":28,"date":"2022-09-16T11:10:08","date_gmt":"2022-09-16T09:10:08","guid":{"rendered":"https:\/\/cen.ujk.edu.pl\/new\/?page_id=28"},"modified":"2024-10-16T11:20:23","modified_gmt":"2024-10-16T09:20:23","slug":"pracownicy","status":"publish","type":"page","link":"https:\/\/cen.ujk.edu.pl\/new\/pracownicy\/","title":{"rendered":"PRACOWNICY"},"content":{"rendered":"\r\n<h2 class=\"wp-block-heading\">Pracownicy Centrum Edukacji Nauczycielskiej UJK<\/h2>\r\n\r\n\r\n\r\n<ul class=\"wp-block-list\">\r\n<li><strong>dr Katarzyna Palka<\/strong>\r\n<ul>\r\n<li>kierownik Centrum<\/li>\r\n<li>pedagog<\/li>\r\n<li><a href=\"mailto:katarzyna.palka@ujk.edu.pl\">e-mail: katarzyna.palka@ujk.edu.pl<\/a><\/li>\r\n<\/ul>\r\n<\/li>\r\n<li><strong>dr Anna Ozga<\/strong>\r\n<ul>\r\n<li>zast\u0119pca kierownika Centrum<\/li>\r\n<li>pedagog<\/li>\r\n<li><a href=\"mailto:anna.ozga@ujk.edu.pl\">e-mail: anna.ozga@ujk.edu.pl<\/a><\/li>\r\n<\/ul>\r\n<\/li>\r\n<li><strong>dr Katarzyna Krzystanek<\/strong>\r\n<ul>\r\n<li>opiekun praktyk zawodowych psychologiczno-pedagogicznych<\/li>\r\n<li>psycholog<\/li>\r\n<li><a href=\"mailto:katarzyna.krzystanek@ujk.edu.pl\">e-mail: katarzyna.krzystanek@ujk.edu.pl<\/a><\/li>\r\n<\/ul>\r\n<\/li>\r\n<li><strong>mgr Aleksandra Kary\u015b<\/strong><br \/>\r\n<ul>\r\n<li>opiekun praktyk zawodowych psychologiczno-pedagogicznych<\/li>\r\n<li>psycholog<\/li>\r\n<li><a href=\"mailto:aleksandra.karys@ujk.edu.pl\">e-mail: aleksandra.karys@ujk.edu.pl<\/a><\/li>\r\n<\/ul>\r\n<\/li>\r\n<li><strong>mgr Agnieszka G\u0142\u00f3d<\/strong><br \/>\r\n<ul>\r\n<li>pracownik administracyjny<\/li>\r\n<li><a href=\"mailto:agnieszka.glod@ujk.edu.pl\">e-mail: agnieszka.glod@ujk.edu.pl<\/a><\/li>\r\n<\/ul>\r\n<\/li>\r\n<\/ul>\r\n","protected":false},"excerpt":{"rendered":"<p>Pracownicy Centrum Edukacji Nauczycielskiej UJK dr Katarzyna Palka kierownik Centrum pedagog e-mail: katarzyna.palka@ujk.edu.pl dr Anna Ozga zast\u0119pca kierownika Centrum pedagog e-mail: anna.ozga@ujk.edu.pl dr Katarzyna Krzystanek opiekun praktyk zawodowych psychologiczno-pedagogicznych psycholog e-mail: katarzyna.krzystanek@ujk.edu.pl mgr Aleksandra Kary\u015b opiekun praktyk zawodowych psychologiczno-pedagogicznych psycholog e-mail: aleksandra.karys@ujk.edu.pl mgr Agnieszka G\u0142\u00f3d pracownik administracyjny e-mail: agnieszka.glod@ujk.edu.pl<\/p>\n","protected":false},"author":1,"featured_media":0,"parent":0,"menu_order":0,"comment_status":"closed","ping_status":"closed","template":"","meta":{"footnotes":""},"class_list":["post-28","page","type-page","status-publish","hentry"],"_links":{"self":[{"href":"https:\/\/cen.ujk.edu.pl\/new\/wp-json\/wp\/v2\/pages\/28","targetHints":{"allow":["GET"]}}],"collection":[{"href":"https:\/\/cen.ujk.edu.pl\/new\/wp-json\/wp\/v2\/pages"}],"about":[{"href":"https:\/\/cen.ujk.edu.pl\/new\/wp-json\/wp\/v2\/types\/page"}],"author":[{"embeddable":true,"href":"https:\/\/cen.ujk.edu.pl\/new\/wp-json\/wp\/v2\/users\/1"}],"replies":[{"embeddable":true,"href":"https:\/\/cen.ujk.edu.pl\/new\/wp-json\/wp\/v2\/comments?post=28"}],"version-history":[{"count":11,"href":"https:\/\/cen.ujk.edu.pl\/new\/wp-json\/wp\/v2\/pages\/28\/revisions"}],"predecessor-version":[{"id":345,"href":"https:\/\/cen.ujk.edu.pl\/new\/wp-json\/wp\/v2\/pages\/28\/revisions\/345"}],"wp:attachment":[{"href":"https:\/\/cen.ujk.edu.pl\/new\/wp-json\/wp\/v2\/media?parent=28"}],"curies":[{"name":"wp","href":"https:\/\/api.w.org\/{rel}","templated":true}]}}