{"id":349,"date":"2024-10-21T10:05:39","date_gmt":"2024-10-21T08:05:39","guid":{"rendered":"https:\/\/cen.ujk.edu.pl\/new\/?page_id=349"},"modified":"2025-02-25T09:41:24","modified_gmt":"2025-02-25T08:41:24","slug":"praktyka-zawodowa-od-roku-2024-2025","status":"publish","type":"page","link":"https:\/\/cen.ujk.edu.pl\/new\/praktyka-zawodowa-od-roku-2024-2025\/","title":{"rendered":"Praktyka zawodowa od roku 2024\/2025"},"content":{"rendered":"<h2>Dokumentacja obowi\u0105zuj\u0105ca od roku akademickiego 2024\/2025<\/h2>\n<p><a href=\"https:\/\/cen.ujk.edu.pl\/new\/wp-content\/uploads\/2024\/10\/Procedura-praktyki-zawodowej-psychologiczno-pedagogicznej-2024.pdf\" target=\"_blank\" rel=\"noopener\">PROCEDURA ODBYWANIA I DOKUMENTOWANIA STUDENCKICH PRAKTYK ZAWODOWYCH organizowanych przez Centrum Edukacji Nauczycielskiej UJK<\/a><\/p>\n<p><a href=\"https:\/\/cen.ujk.edu.pl\/new\/wp-content\/uploads\/2024\/10\/Standardy-ochrony-maloletnich-Zalacznik.pdf\" target=\"_blank\" rel=\"noopener\">STANDARDY\u00a0OCHRONY\u00a0MA\u0141OLETNICH\u00a0PRZED\u00a0KRZYWDZENIEM\u00a0W\u00a0UJK<\/a><\/p>\n<p>1. <a href=\"https:\/\/cen.ujk.edu.pl\/new\/wp-content\/uploads\/2024\/10\/1.-Instrukcja-paktyki.pdf\" target=\"_blank\" rel=\"noopener\">Instrukcja praktyki.<\/a><br \/>\n2a. <a href=\"https:\/\/cen.ujk.edu.pl\/new\/wp-content\/uploads\/2024\/10\/2a.-Program-praktyki-I-stopien.pdf\" target=\"_blank\" rel=\"noopener\">Program praktyki I stopie\u0144<\/a>.<br \/>\n2b. <a href=\"https:\/\/cen.ujk.edu.pl\/new\/wp-content\/uploads\/2024\/10\/2b.-Program-praktyki-II-st.pdf\" target=\"_blank\" rel=\"noopener\">Program praktyki II stopie\u0144<\/a>.<br \/>\n3. <a href=\"https:\/\/cen.ujk.edu.pl\/new\/wp-content\/uploads\/2024\/10\/3.-Oswiadczenie-o-zapoznaniu-sie-ze-Standardami-Ochrony-Maloletnich.pdf\" target=\"_blank\" rel=\"noopener\">O\u015bwiadczenie o zapoznaniu si\u0119 ze Standardami Ochrony Ma\u0142oletnich.<\/a><br \/>\n4. <a href=\"https:\/\/cen.ujk.edu.pl\/new\/wp-content\/uploads\/2024\/10\/4.-Wniosek-o-przyjecie-na-praktyke.pdf\" target=\"_blank\" rel=\"noopener\">Wniosek<\/a>.<br \/>\n5. <a href=\"https:\/\/cen.ujk.edu.pl\/new\/wp-content\/uploads\/2024\/10\/5.-Potwierdzenie-przyjecia-studenta-ZGODA.pdf\" target=\"_blank\" rel=\"noopener\">Potwierdzenie przyj\u0119cia studenta<\/a>.<br \/>\n6. <a href=\"https:\/\/cen.ujk.edu.pl\/new\/wp-content\/uploads\/2024\/10\/6.-Umowa.pdf\" target=\"_blank\" rel=\"noopener\">Umowa<\/a>.<br \/>\n7. <a href=\"https:\/\/cen.ujk.edu.pl\/new\/wp-content\/uploads\/2024\/10\/7.-Porozumienie-UJK-szkola.pdf\" target=\"_blank\" rel=\"noopener\">Porozumienie UJK -szko\u0142a<\/a>.<br \/>\n8a. <a href=\"https:\/\/cen.ujk.edu.pl\/new\/wp-content\/uploads\/2024\/10\/8a.-Dziennik-praktyki-I-stopien.pdf\" target=\"_blank\" rel=\"noopener\">Dziennik praktyki I stopie\u0144<\/a>.<br \/>\n8b. <a href=\"https:\/\/cen.ujk.edu.pl\/new\/wp-content\/uploads\/2024\/10\/8b.-Dziennik-praktyki-II-stopien.pdf\" target=\"_blank\" rel=\"noopener\">Dziennik praktyki II stopie\u0144<\/a>.<br \/>\n9a. <a href=\"https:\/\/cen.ujk.edu.pl\/new\/wp-content\/uploads\/2024\/10\/9a-Karta-informacyjna-I-stopien.pdf\" target=\"_blank\" rel=\"noopener\">Karta informacyjna I stopie\u0144<\/a>.<br \/>\n9b. <a href=\"https:\/\/cen.ujk.edu.pl\/new\/wp-content\/uploads\/2024\/10\/9b-Karta-informacyjna-II-stopien.pdf\" target=\"_blank\" rel=\"noopener\">Karta informacyjna II stopie\u0144<\/a>.<br \/>\n10a. <a href=\"https:\/\/cen.ujk.edu.pl\/new\/wp-content\/uploads\/2024\/10\/10a.-Recenzja-druk-recenzji.pdf\" target=\"_blank\" rel=\"noopener\">Recenzja &#8211; druk recenzji.<\/a><br \/>\n10b. <a href=\"https:\/\/cen.ujk.edu.pl\/new\/wp-content\/uploads\/2024\/10\/10b.Recenzja_zawartosc.pdf\" target=\"_blank\" rel=\"noopener\">Recenzja-zawarto\u015b\u0107.<\/a><br \/>\n11. <a href=\"https:\/\/cen.ujk.edu.pl\/new\/wp-content\/uploads\/2024\/10\/11.-Arkusz-hospitacji_praktyk-psych_ped.pdf\" target=\"_blank\" rel=\"noopener\">Arkusz hospitacji praktyk psych.-ped<\/a>.<br \/>\n12a. <a href=\"https:\/\/cen.ujk.edu.pl\/new\/wp-content\/uploads\/2024\/10\/12a.Potwierdzenie-uzyskania-efektow-uczenia-sie-I-stopien.pdf\" target=\"_blank\" rel=\"noopener\">Potwierdzenie uzyskania efekt\u00f3w uczenia si\u0119 I stopie\u0144.<\/a><br \/>\n12b. <a href=\"https:\/\/cen.ujk.edu.pl\/new\/wp-content\/uploads\/2024\/10\/12b.-Potwierdzenie-uzyskania-efektow-uczenia-sie-II-stopien.pdf\" target=\"_blank\" rel=\"noopener\">Potwierdzenie uzyskania efekt\u00f3w uczenia si\u0119 II stopie\u0144.<\/a><br \/>\n13. <a href=\"https:\/\/cen.ujk.edu.pl\/new\/wp-content\/uploads\/2024\/10\/13.-Rachunek.pdf\" target=\"_blank\" rel=\"noopener\">Rachunek<\/a>.<br \/>\n14a. <a href=\"https:\/\/cen.ujk.edu.pl\/new\/wp-content\/uploads\/2025\/02\/14a.-Ankieta-dla-studenta-I-stopien.docx\" target=\"_blank\" rel=\"noopener\">Ankieta dla studenta I stopie\u0144<\/a>.<br \/>\n14b. <a href=\"https:\/\/cen.ujk.edu.pl\/new\/wp-content\/uploads\/2025\/02\/14b.-Ankieta-dla-studenta-II-stopien.docx\" target=\"_blank\" rel=\"noopener\">Ankieta dla studenta II stopie\u0144<\/a>.<br \/>\n15. <a href=\"https:\/\/cen.ujk.edu.pl\/new\/wp-content\/uploads\/2024\/10\/15.-Wolontariat.pdf\" target=\"_blank\" rel=\"noopener\">Wolontariat.<\/a><\/p>\n","protected":false},"excerpt":{"rendered":"<p>Dokumentacja obowi\u0105zuj\u0105ca od roku akademickiego 2024\/2025 PROCEDURA ODBYWANIA I DOKUMENTOWANIA STUDENCKICH PRAKTYK ZAWODOWYCH organizowanych przez Centrum Edukacji Nauczycielskiej UJK STANDARDY\u00a0OCHRONY\u00a0MA\u0141OLETNICH\u00a0PRZED\u00a0KRZYWDZENIEM\u00a0W\u00a0UJK 1. Instrukcja praktyki. 2a. Program praktyki I stopie\u0144. 2b. Program praktyki II stopie\u0144. 3. O\u015bwiadczenie o zapoznaniu si\u0119 ze Standardami Ochrony Ma\u0142oletnich. 4. Wniosek. 5. Potwierdzenie przyj\u0119cia studenta. 6. Umowa. 7. Porozumienie UJK -szko\u0142a. 8a. [&hellip;]<\/p>\n","protected":false},"author":1,"featured_media":0,"parent":0,"menu_order":0,"comment_status":"closed","ping_status":"closed","template":"","meta":{"footnotes":""},"class_list":["post-349","page","type-page","status-publish","hentry"],"_links":{"self":[{"href":"https:\/\/cen.ujk.edu.pl\/new\/wp-json\/wp\/v2\/pages\/349","targetHints":{"allow":["GET"]}}],"collection":[{"href":"https:\/\/cen.ujk.edu.pl\/new\/wp-json\/wp\/v2\/pages"}],"about":[{"href":"https:\/\/cen.ujk.edu.pl\/new\/wp-json\/wp\/v2\/types\/page"}],"author":[{"embeddable":true,"href":"https:\/\/cen.ujk.edu.pl\/new\/wp-json\/wp\/v2\/users\/1"}],"replies":[{"embeddable":true,"href":"https:\/\/cen.ujk.edu.pl\/new\/wp-json\/wp\/v2\/comments?post=349"}],"version-history":[{"count":5,"href":"https:\/\/cen.ujk.edu.pl\/new\/wp-json\/wp\/v2\/pages\/349\/revisions"}],"predecessor-version":[{"id":425,"href":"https:\/\/cen.ujk.edu.pl\/new\/wp-json\/wp\/v2\/pages\/349\/revisions\/425"}],"wp:attachment":[{"href":"https:\/\/cen.ujk.edu.pl\/new\/wp-json\/wp\/v2\/media?parent=349"}],"curies":[{"name":"wp","href":"https:\/\/api.w.org\/{rel}","templated":true}]}}