{"id":388,"date":"2024-11-06T07:44:38","date_gmt":"2024-11-06T06:44:38","guid":{"rendered":"https:\/\/cen.ujk.edu.pl\/new\/?page_id=388"},"modified":"2024-11-06T07:44:38","modified_gmt":"2024-11-06T06:44:38","slug":"wykaz-kierunkow-studiow","status":"publish","type":"page","link":"https:\/\/cen.ujk.edu.pl\/new\/wykaz-kierunkow-studiow\/","title":{"rendered":"Wykaz kierunk\u00f3w studi\u00f3w"},"content":{"rendered":"<p>Wykaz kierunk\u00f3w studi\u00f3w, na kt\u00f3rych realizowane jest przygotowanie do wykonywania zawodu nauczyciela<\/p>\n<p>Studia pierwszego i drugiego stopnia:<br \/>\n1. Filologia polska<br \/>\n2. Filologia angielska<br \/>\n3. Filologia germa\u0144ska<br \/>\n4. Historia<br \/>\n5. Logopedia og\u00f3lna<br \/>\n6. Matematyka<br \/>\n7. Biologia<br \/>\n8. Geografia<br \/>\n9. Chemia<br \/>\n10. Fizyka<br \/>\n11. Edukacja artystyczna w zakresie sztuki muzycznej<br \/>\n12. Wychowanie fizyczne<br \/>\n13. Pedagogika<\/p>\n<p>Studia jednolite magisterskie:<br \/>\n1. Pedagogiczna przedszkolna i wczesnoszkolna<br \/>\n2. Pedagogika specjalna<\/p>\n","protected":false},"excerpt":{"rendered":"<p>Wykaz kierunk\u00f3w studi\u00f3w, na kt\u00f3rych realizowane jest przygotowanie do wykonywania zawodu nauczyciela Studia pierwszego i drugiego stopnia: 1. Filologia polska 2. Filologia angielska 3. Filologia germa\u0144ska 4. Historia 5. Logopedia og\u00f3lna 6. Matematyka 7. Biologia 8. Geografia 9. Chemia 10. Fizyka 11. Edukacja artystyczna w zakresie sztuki muzycznej 12. Wychowanie fizyczne 13. Pedagogika Studia jednolite [&hellip;]<\/p>\n","protected":false},"author":1,"featured_media":0,"parent":0,"menu_order":0,"comment_status":"closed","ping_status":"closed","template":"","meta":{"footnotes":""},"class_list":["post-388","page","type-page","status-publish","hentry"],"_links":{"self":[{"href":"https:\/\/cen.ujk.edu.pl\/new\/wp-json\/wp\/v2\/pages\/388","targetHints":{"allow":["GET"]}}],"collection":[{"href":"https:\/\/cen.ujk.edu.pl\/new\/wp-json\/wp\/v2\/pages"}],"about":[{"href":"https:\/\/cen.ujk.edu.pl\/new\/wp-json\/wp\/v2\/types\/page"}],"author":[{"embeddable":true,"href":"https:\/\/cen.ujk.edu.pl\/new\/wp-json\/wp\/v2\/users\/1"}],"replies":[{"embeddable":true,"href":"https:\/\/cen.ujk.edu.pl\/new\/wp-json\/wp\/v2\/comments?post=388"}],"version-history":[{"count":1,"href":"https:\/\/cen.ujk.edu.pl\/new\/wp-json\/wp\/v2\/pages\/388\/revisions"}],"predecessor-version":[{"id":389,"href":"https:\/\/cen.ujk.edu.pl\/new\/wp-json\/wp\/v2\/pages\/388\/revisions\/389"}],"wp:attachment":[{"href":"https:\/\/cen.ujk.edu.pl\/new\/wp-json\/wp\/v2\/media?parent=388"}],"curies":[{"name":"wp","href":"https:\/\/api.w.org\/{rel}","templated":true}]}}