{"id":45,"date":"2022-09-16T12:35:28","date_gmt":"2022-09-16T10:35:28","guid":{"rendered":"https:\/\/cen.ujk.edu.pl\/new\/?page_id=45"},"modified":"2022-09-16T12:35:28","modified_gmt":"2022-09-16T10:35:28","slug":"wyklad","status":"publish","type":"page","link":"https:\/\/cen.ujk.edu.pl\/new\/wyklad\/","title":{"rendered":"WYK\u0141AD"},"content":{"rendered":"<h2>Wyk\u0142ad dr. hab. S\u0142awomira Kozieja, prof. UJK<\/h2>\n<p>Zgodnie z regulaminem (Zarz\u0105dzenie Rektora UJK z dn. 22 stycznia 2020, \u00a7 3 ust. 5, \u00a7 4 ust. 13) Centrum Edukacji Nauczycielskiej ma w swojej ofercie wyk\u0142ad dr. hab. S\u0142awomira Kozieja, prof. UJK, na temat &#8222;Podstawy dydaktyki szko\u0142y wy\u017cszej&#8221; skierowany do nauczycieli, kt\u00f3rzy nie posiadaj\u0105 przygotowania pedagogicznego, chc\u0105cych uzyska\u0107 podstawow\u0105 wiedz\u0119 dotycz\u0105c\u0105 procesu kszta\u0142cenia student\u00f3w. Wyk\u0142ad organizowany b\u0119dzie przez CEN cyklicznie w porozumieniu z instytutami\/katedrami, w kt\u00f3rych zatrudnione s\u0105 osoby zainteresowane ofert\u0105.<\/p>\n","protected":false},"excerpt":{"rendered":"<p>Wyk\u0142ad dr. hab. S\u0142awomira Kozieja, prof. UJK Zgodnie z regulaminem (Zarz\u0105dzenie Rektora UJK z dn. 22 stycznia 2020, \u00a7 3 ust. 5, \u00a7 4 ust. 13) Centrum Edukacji Nauczycielskiej ma w swojej ofercie wyk\u0142ad dr. hab. S\u0142awomira Kozieja, prof. UJK, na temat &#8222;Podstawy dydaktyki szko\u0142y wy\u017cszej&#8221; skierowany do nauczycieli, kt\u00f3rzy nie posiadaj\u0105 przygotowania pedagogicznego, chc\u0105cych [&hellip;]<\/p>\n","protected":false},"author":1,"featured_media":0,"parent":0,"menu_order":0,"comment_status":"closed","ping_status":"closed","template":"","meta":{"footnotes":""},"class_list":["post-45","page","type-page","status-publish","hentry"],"_links":{"self":[{"href":"https:\/\/cen.ujk.edu.pl\/new\/wp-json\/wp\/v2\/pages\/45","targetHints":{"allow":["GET"]}}],"collection":[{"href":"https:\/\/cen.ujk.edu.pl\/new\/wp-json\/wp\/v2\/pages"}],"about":[{"href":"https:\/\/cen.ujk.edu.pl\/new\/wp-json\/wp\/v2\/types\/page"}],"author":[{"embeddable":true,"href":"https:\/\/cen.ujk.edu.pl\/new\/wp-json\/wp\/v2\/users\/1"}],"replies":[{"embeddable":true,"href":"https:\/\/cen.ujk.edu.pl\/new\/wp-json\/wp\/v2\/comments?post=45"}],"version-history":[{"count":1,"href":"https:\/\/cen.ujk.edu.pl\/new\/wp-json\/wp\/v2\/pages\/45\/revisions"}],"predecessor-version":[{"id":46,"href":"https:\/\/cen.ujk.edu.pl\/new\/wp-json\/wp\/v2\/pages\/45\/revisions\/46"}],"wp:attachment":[{"href":"https:\/\/cen.ujk.edu.pl\/new\/wp-json\/wp\/v2\/media?parent=45"}],"curies":[{"name":"wp","href":"https:\/\/api.w.org\/{rel}","templated":true}]}}