{"id":498,"date":"2025-10-01T12:54:34","date_gmt":"2025-10-01T10:54:34","guid":{"rendered":"https:\/\/cen.ujk.edu.pl\/new\/?page_id=498"},"modified":"2025-10-23T08:51:34","modified_gmt":"2025-10-23T06:51:34","slug":"praktyka-zawodowa-od-roku-2025-2026","status":"publish","type":"page","link":"https:\/\/cen.ujk.edu.pl\/new\/praktyka-zawodowa-od-roku-2025-2026\/","title":{"rendered":"Praktyka zawodowa od roku 2025\/2026"},"content":{"rendered":"<h2>Dokumentacja obowi\u0105zuj\u0105ca od roku akademickiego 2025\/2026<\/h2>\n<p><a href=\"https:\/\/cen.ujk.edu.pl\/new\/wp-content\/uploads\/2025\/10\/Procedura-praktyki-zawodowej-psychologiczno-pedagogicznej-2025-2-1.pdf\" target=\"_blank\" rel=\"noopener\">PROCEDURA ODBYWANIA I DOKUMENTOWANIA STUDENCKICH PRAKTYK ZAWODOWYCH organizowanych przez Centrum Edukacji Nauczycielskiej UJK<\/a><\/p>\n<h2>Za\u0142\u0105czniki:<\/h2>\n<h3><strong>Studia\u00a0pierwszego\u00a0stopnia\u00a0&#8211;\u00a0logopedia\u00a0og\u00f3lna<\/strong><\/h3>\n<p>0. <a href=\"https:\/\/cen.ujk.edu.pl\/new\/wp-content\/uploads\/2025\/10\/0.-Prezentacja-PRAKTYKI-PSYCHOLOGICZNO-PEDAGOGICZNE.pdf\" target=\"_blank\" rel=\"noopener\">Prezentacja PRAKTYKI PSYCHOLOGICZNO-PEDAGOGICZNE<\/a><br \/>\n1. <a href=\"https:\/\/cen.ujk.edu.pl\/new\/wp-content\/uploads\/2025\/10\/1.-Oswiadczenie-o-zapoznaniu-sie-ze-Standardami-Ochrony-Maloletnich.pdf\" target=\"_blank\" rel=\"noopener\">O\u015bwiadczenie o zapoznaniu si\u0119 ze Standardami Ochrony Ma\u0142oletnich<\/a><br \/>\n2. <a href=\"https:\/\/cen.ujk.edu.pl\/new\/wp-content\/uploads\/2025\/10\/2.-Wniosek.pdf\" target=\"_blank\" rel=\"noopener\">Wniosek<\/a><br \/>\n3. <a href=\"https:\/\/cen.ujk.edu.pl\/new\/wp-content\/uploads\/2025\/10\/3.-Potwierdzenie-przyjecia-na-praktyke.pdf\" target=\"_blank\" rel=\"noopener\">Potwierdzenie przyj\u0119cia na praktyk\u0119<\/a><br \/>\n3a. <a href=\"https:\/\/cen.ujk.edu.pl\/new\/wp-content\/uploads\/2025\/10\/3a.-Wzor-wypelnienia-Potwierdzenie-przyjecia-na-praktyke.docx\" target=\"_blank\" rel=\"noopener\">Wz\u00f3r wype\u0142nienia &#8211; Potwierdzenie przyj\u0119cia na praktyk\u0119<\/a><br \/>\n4. <a href=\"https:\/\/cen.ujk.edu.pl\/new\/wp-content\/uploads\/2025\/10\/4.-Program-praktyki-L.docx\" target=\"_blank\" rel=\"noopener\">Program praktyki L<\/a><br \/>\n5. <a href=\"https:\/\/cen.ujk.edu.pl\/new\/wp-content\/uploads\/2025\/10\/5.-Umowa.docx\" target=\"_blank\" rel=\"noopener\">Umowa<\/a><br \/>\n5a. <a href=\"https:\/\/cen.ujk.edu.pl\/new\/wp-content\/uploads\/2025\/10\/5a.-Wzor-wypelnienia-Umowa.docx\" target=\"_blank\" rel=\"noopener\">Wz\u00f3r wype\u0142nienia &#8211; Umowa<\/a><br \/>\n6. <a href=\"https:\/\/cen.ujk.edu.pl\/new\/wp-content\/uploads\/2025\/10\/6.-Oswiadczenie-o-rezygnacji-z-wynagrodzenia.docx\" target=\"_blank\" rel=\"noopener\">O\u015bwiadczenie o rezygnacji z wynagrodzenia<\/a><br \/>\n7. <a href=\"https:\/\/cen.ujk.edu.pl\/new\/wp-content\/uploads\/2025\/10\/7.-Dziennik-praktyk.doc\" target=\"_blank\" rel=\"noopener\">Dziennik praktyk<\/a><br \/>\n7a. <a href=\"https:\/\/cen.ujk.edu.pl\/new\/wp-content\/uploads\/2025\/10\/7a.-Wzor-wypelnienia-Dziennik-praktyk.docx\" target=\"_blank\" rel=\"noopener\">Wz\u00f3r wype\u0142nienia &#8211; Dziennik praktyk<\/a><br \/>\n8. <a href=\"https:\/\/cen.ujk.edu.pl\/new\/wp-content\/uploads\/2025\/10\/8.-Karta-informacyjna.docx\" target=\"_blank\" rel=\"noopener\">Karta informacyjna<\/a><br \/>\n9. <a href=\"https:\/\/cen.ujk.edu.pl\/new\/wp-content\/uploads\/2025\/10\/9.-Recenzja.docx\" target=\"_blank\" rel=\"noopener\">Recenzja<\/a><br \/>\n9a. <a href=\"https:\/\/cen.ujk.edu.pl\/new\/wp-content\/uploads\/2025\/10\/9a.-Wzor-wypelnienia-Recenzja.docx\" target=\"_blank\" rel=\"noopener\">Wz\u00f3r wype\u0142nienia &#8211; Recenzja<\/a><br \/>\n10. <a href=\"https:\/\/cen.ujk.edu.pl\/new\/wp-content\/uploads\/2025\/10\/10.-Rachunek.docx\" target=\"_blank\" rel=\"noopener\">Rachunek<\/a><br \/>\n10a. <a href=\"https:\/\/cen.ujk.edu.pl\/new\/wp-content\/uploads\/2025\/10\/10a.-Wzor-wypelnienia-Rachunek.docx\" target=\"_blank\" rel=\"noopener\">Wz\u00f3r wype\u0142nienia &#8211; Rachunek<\/a><br \/>\n11. <a href=\"https:\/\/cen.ujk.edu.pl\/new\/wp-content\/uploads\/2025\/10\/11.-Ankieta-dla-nauczyciela-LOGOPEDIA.docx\" target=\"_blank\" rel=\"noopener\">Ankieta dla nauczyciela LOGOPEDIA<\/a><br \/>\n12. <a href=\"https:\/\/cen.ujk.edu.pl\/new\/wp-content\/uploads\/2025\/10\/12.-Ankieta-dla-studenta-LOGOPEDIA.docx\" target=\"_blank\" rel=\"noopener\">Ankieta dla studenta LOGOPEDIA<\/a><br \/>\n13. <a href=\"https:\/\/cen.ujk.edu.pl\/new\/wp-content\/uploads\/2025\/10\/13.-Identyfikator.docx\" target=\"_blank\" rel=\"noopener\">Identyfikator<\/a><br \/>\n<a href=\"https:\/\/cen.ujk.edu.pl\/new\/wp-content\/uploads\/2025\/10\/Arkusz-hospitacji.pdf\" target=\"_blank\" rel=\"noopener\">Arkusz hospitacji<\/a><br \/>\n<a href=\"https:\/\/cen.ujk.edu.pl\/new\/wp-content\/uploads\/2025\/10\/Instrukcja.pdf\" target=\"_blank\" rel=\"noopener\">Instrukcja<\/a><br \/>\n<a href=\"https:\/\/cen.ujk.edu.pl\/new\/wp-content\/uploads\/2025\/10\/Porozumienie-Szkola-UJK.pdf\" target=\"_blank\" rel=\"noopener\">Porozumienie Szko\u0142a-UJK<\/a><br \/>\n<a href=\"https:\/\/cen.ujk.edu.pl\/new\/wp-content\/uploads\/2025\/10\/Standardy-Ochrony-Maloletnich-UJK.pdf\" target=\"_blank\" rel=\"noopener\">Standardy Ochrony Ma\u0142oletnich UJK<\/a><br \/>\n<a href=\"https:\/\/cen.ujk.edu.pl\/new\/wp-content\/uploads\/2025\/10\/Zaswiadczenie-o-wolontariacie.pdf\" target=\"_blank\" rel=\"noopener\">Za\u015bwiadczenie o wolontariacie<\/a><\/p>\n<h3><strong>Studia pierwszego stopnia &#8211; pozosta\u0142e kierunki<\/strong><\/h3>\n<p>0. <a href=\"https:\/\/cen.ujk.edu.pl\/new\/wp-content\/uploads\/2025\/10\/0.-Prezentacja-PRAKTYKI-PSYCHOLOGICZNO-PEDAGOGICZNE-1.pdf\" target=\"_blank\" rel=\"noopener\">Prezentacja PRAKTYKI PSYCHOLOGICZNO-PEDAGOGICZNE<\/a><br \/>\n1. <a href=\"https:\/\/cen.ujk.edu.pl\/new\/wp-content\/uploads\/2025\/10\/1.-Oswiadczenie-o-zapoznaniu-sie-ze-Standardami-Ochrony-Maloletnich-1.pdf\" target=\"_blank\" rel=\"noopener\">O\u015bwiadczenie o zapoznaniu si\u0119 ze Standardami Ochrony Ma\u0142oletnich<\/a><br \/>\n2. <a href=\"https:\/\/cen.ujk.edu.pl\/new\/wp-content\/uploads\/2025\/10\/2.-Wniosek-1.pdf\" target=\"_blank\" rel=\"noopener\">Wniosek<\/a><br \/>\n3. <a href=\"https:\/\/cen.ujk.edu.pl\/new\/wp-content\/uploads\/2025\/10\/3.-Potwierdzenie-przyjecia-na-praktyke-1.pdf\" target=\"_blank\" rel=\"noopener\">Potwierdzenie przyj\u0119cia na praktyk\u0119<\/a><br \/>\n3a. <a href=\"https:\/\/cen.ujk.edu.pl\/new\/wp-content\/uploads\/2025\/10\/3a.-Wzor-wypelnienia-Potwierdzenie-przyjecia-na-praktyke-1.docx\" target=\"_blank\" rel=\"noopener\">Wz\u00f3r wype\u0142nienia &#8211; Potwierdzenie przyj\u0119cia na praktyk\u0119<\/a><br \/>\n4. <a href=\"https:\/\/cen.ujk.edu.pl\/new\/wp-content\/uploads\/2025\/10\/4.-Program-praktyki-N.docx\" target=\"_blank\" rel=\"noopener\">Program praktyki N<\/a><br \/>\n5. <a href=\"https:\/\/cen.ujk.edu.pl\/new\/wp-content\/uploads\/2025\/10\/5.-Umowa-1.docx\" target=\"_blank\" rel=\"noopener\">Umowa<\/a><br \/>\n5a. <a href=\"https:\/\/cen.ujk.edu.pl\/new\/wp-content\/uploads\/2025\/10\/5a.-Wzor-wypelnienia-Umowa-1.docx\" target=\"_blank\" rel=\"noopener\">Wz\u00f3r wype\u0142nienia &#8211; Umowa<\/a><br \/>\n6. <a href=\"https:\/\/cen.ujk.edu.pl\/new\/wp-content\/uploads\/2025\/10\/6.-Oswiadczenie-o-rezygnacji-z-wynagrodzenia-1.docx\" target=\"_blank\" rel=\"noopener\">O\u015bwiadczenie o rezygnacji z wynagrodzenia<\/a><br \/>\n7. <a href=\"https:\/\/cen.ujk.edu.pl\/new\/wp-content\/uploads\/2025\/10\/7.-Dziennik-praktyki.doc\" target=\"_blank\" rel=\"noopener\">Dziennik praktyki<\/a><br \/>\n7a. <a href=\"https:\/\/cen.ujk.edu.pl\/new\/wp-content\/uploads\/2025\/10\/7a.-Wzor-wypelnienia-Dziennik-praktyk-1.docx\" target=\"_blank\" rel=\"noopener\">Wz\u00f3r wype\u0142nienia &#8211; Dziennik praktyk<\/a><br \/>\n8. <a href=\"https:\/\/cen.ujk.edu.pl\/new\/wp-content\/uploads\/2025\/10\/8.-Karta-informacyjna-1.docx\" target=\"_blank\" rel=\"noopener\">Karta informacyjna<\/a><br \/>\n9. <a href=\"https:\/\/cen.ujk.edu.pl\/new\/wp-content\/uploads\/2025\/10\/9.-Recenzja-1.docx\" target=\"_blank\" rel=\"noopener\">Recenzja<\/a><br \/>\n9a. <a href=\"https:\/\/cen.ujk.edu.pl\/new\/wp-content\/uploads\/2025\/10\/9a.-Wzor-wypelnienia-Recenzja-1.docx\" target=\"_blank\" rel=\"noopener\">Wz\u00f3r wype\u0142nienia &#8211; Recenzja<\/a><br \/>\n10. <a href=\"https:\/\/cen.ujk.edu.pl\/new\/wp-content\/uploads\/2025\/10\/10.-Rachunek-1.docx\" target=\"_blank\" rel=\"noopener\">Rachunek<\/a><br \/>\n10a. <a href=\"https:\/\/cen.ujk.edu.pl\/new\/wp-content\/uploads\/2025\/10\/10a.-Wzor-wypelnienia-Rachunek-1.docx\" target=\"_blank\" rel=\"noopener\">Wz\u00f3r wype\u0142nienia &#8211; Rachunek<\/a><br \/>\n11. <a href=\"https:\/\/cen.ujk.edu.pl\/new\/wp-content\/uploads\/2025\/10\/11.-Ankieta-dla-nauczyciela-S.-NAUCZYCIELSKA.docx\" target=\"_blank\" rel=\"noopener\">Ankieta dla nauczyciela (S. NAUCZYCIELSKA)<\/a><br \/>\n12. <a href=\"https:\/\/cen.ujk.edu.pl\/new\/wp-content\/uploads\/2025\/10\/12.-Ankieta-dla-studenta-S.NAUCZYCIELSKA.docx\" target=\"_blank\" rel=\"noopener\">Ankieta dla studenta (S.NAUCZYCIELSKA)<\/a><br \/>\n13. <a href=\"https:\/\/cen.ujk.edu.pl\/new\/wp-content\/uploads\/2025\/10\/13.-Identyfikator-1.docx\" target=\"_blank\" rel=\"noopener\">Identyfikator<\/a><br \/>\n<a href=\"https:\/\/cen.ujk.edu.pl\/new\/wp-content\/uploads\/2025\/10\/Instrukcja-1.pdf\" target=\"_blank\" rel=\"noopener\">Instrukcja<\/a><br \/>\n<a href=\"https:\/\/cen.ujk.edu.pl\/new\/wp-content\/uploads\/2025\/10\/Porozumienie-Szkola-UJK-1.pdf\" target=\"_blank\" rel=\"noopener\">Porozumienie Szko\u0142a-UJK<\/a><br \/>\n<a href=\"https:\/\/cen.ujk.edu.pl\/new\/wp-content\/uploads\/2025\/10\/Standardy-Ochrony-Maloletnich-UJK-1.pdf\" target=\"_blank\" rel=\"noopener\">Standardy Ochrony Ma\u0142oletnich UJK<\/a><br \/>\n<a href=\"https:\/\/cen.ujk.edu.pl\/new\/wp-content\/uploads\/2025\/10\/Zaswiadczenie-o-wolontariacie-1.pdf\" target=\"_blank\" rel=\"noopener\">Za\u015bwiadczenie o wolontariacie<\/a><\/p>\n<h3><strong>Studia drugiego stopnia &#8211; logopedia og\u00f3lna<\/strong><\/h3>\n<p>0. <a href=\"https:\/\/cen.ujk.edu.pl\/new\/wp-content\/uploads\/2025\/10\/0.-Instrukcja-obiegu-dokumentow.pdf\" target=\"_blank\" rel=\"noopener\">Instrukcja obiegu dokument\u00f3w<\/a><br \/>\n1. <a href=\"https:\/\/cen.ujk.edu.pl\/new\/wp-content\/uploads\/2025\/10\/1.-Oswiadczenie-o-zapoznaniu-sie-ze-Standardami-Ochrony-Maloletnich-2.pdf\" target=\"_blank\" rel=\"noopener\">O\u015bwiadczenie o zapoznaniu si\u0119 ze Standardami Ochrony Ma\u0142oletnich<\/a><br \/>\n2. <a href=\"https:\/\/cen.ujk.edu.pl\/new\/wp-content\/uploads\/2025\/10\/2.-Wniosek.jpeg\" target=\"_blank\" rel=\"noopener\">Wniosek<\/a><br \/>\n3. <a href=\"https:\/\/cen.ujk.edu.pl\/new\/wp-content\/uploads\/2025\/10\/3.-Potwierdzenie-przyjecia-studenta-ZGODA.doc\" target=\"_blank\" rel=\"noopener\">Potwierdzenie przyj\u0119cia studenta ZGODA<\/a><br \/>\n4. <a href=\"https:\/\/cen.ujk.edu.pl\/new\/wp-content\/uploads\/2025\/10\/4.-Program-praktyki.docx\" target=\"_blank\" rel=\"noopener\">Program praktyki<\/a><br \/>\n5. <a href=\"https:\/\/cen.ujk.edu.pl\/new\/wp-content\/uploads\/2025\/10\/5.-Umowa.doc\" target=\"_blank\" rel=\"noopener\">Umowa<\/a><br \/>\n5a. <a href=\"https:\/\/cen.ujk.edu.pl\/new\/wp-content\/uploads\/2025\/10\/5a.-Wzor-umowy.-NIE-DRUKOWAC.doc\" target=\"_blank\" rel=\"noopener\">Wz\u00f3r umowy<\/a> &#8211; <span style=\"color: #ff0000;\">NIE DRUKOWA\u0106<\/span><br \/>\n6. <a href=\"https:\/\/cen.ujk.edu.pl\/new\/wp-content\/uploads\/2025\/10\/6.-Oswiadczenie-o-rezygnacji-z-wynagrodzenia-2.docx\" target=\"_blank\" rel=\"noopener\">O\u015bwiadczenie o rezygnacji z wynagrodzenia<\/a><br \/>\n7. <a href=\"https:\/\/cen.ujk.edu.pl\/new\/wp-content\/uploads\/2025\/10\/7.-Dziennik-praktyki.docx\" target=\"_blank\" rel=\"noopener\">Dziennik praktyki<\/a><br \/>\n8. <a href=\"https:\/\/cen.ujk.edu.pl\/new\/wp-content\/uploads\/2025\/10\/8.Karta-informacyjna.doc\" target=\"_blank\" rel=\"noopener\">Karta informacyjna<\/a><br \/>\n9a. <a href=\"https:\/\/cen.ujk.edu.pl\/new\/wp-content\/uploads\/2025\/10\/9a.-Recenzja-druk-recenzji.docx\" target=\"_blank\" rel=\"noopener\">Recenzja &#8211; druk recenzji<\/a><br \/>\n9b. <a href=\"https:\/\/cen.ujk.edu.pl\/new\/wp-content\/uploads\/2025\/10\/9b.Recenzja_zawartosc.docx\" target=\"_blank\" rel=\"noopener\">Recenzja zawarto\u015b\u0107<\/a><br \/>\n10. <a href=\"https:\/\/cen.ujk.edu.pl\/new\/wp-content\/uploads\/2025\/10\/10.-Rachunek.doc\" target=\"_blank\" rel=\"noopener\">Rachunek<\/a><br \/>\n10a. <a href=\"https:\/\/cen.ujk.edu.pl\/new\/wp-content\/uploads\/2025\/10\/10a.-Wzor-wypelnienia-rachunku-NIE-DRUKOWAC.docx\" target=\"_blank\" rel=\"noopener\">Wz\u00f3r wype\u0142nienia rachunku<\/a> &#8211; <span style=\"color: #ff0000;\">NIE DRUKOWA\u0106<\/span><br \/>\n11. <a href=\"https:\/\/cen.ujk.edu.pl\/new\/wp-content\/uploads\/2025\/10\/11.-Ankieta-dla-nauczyciela.docx\" target=\"_blank\" rel=\"noopener\">Ankieta dla nauczyciela<\/a><br \/>\n12. <a href=\"https:\/\/cen.ujk.edu.pl\/new\/wp-content\/uploads\/2025\/10\/12.-Ankieta-dla-studenta.docx\" target=\"_blank\" rel=\"noopener\">Ankieta dla studenta<\/a><br \/>\n13. <a href=\"https:\/\/cen.ujk.edu.pl\/new\/wp-content\/uploads\/2025\/10\/13.-Identyfikator-1-1.docx\" target=\"_blank\" rel=\"noopener\">Identyfikator<\/a><br \/>\n<a href=\"https:\/\/cen.ujk.edu.pl\/new\/wp-content\/uploads\/2025\/10\/Arkusz-hospitacji_praktyk-psych_ped.pdf\" target=\"_blank\" rel=\"noopener\">Arkusz hospitacji praktyk psych-ped<\/a><br \/>\n<a href=\"https:\/\/cen.ujk.edu.pl\/new\/wp-content\/uploads\/2025\/10\/Instrukcja-praktyki.pdf\" target=\"_blank\" rel=\"noopener\">Instrukcja praktyki<\/a><br \/>\n<a href=\"https:\/\/cen.ujk.edu.pl\/new\/wp-content\/uploads\/2025\/10\/Porozumienie-UJK-Szkola.pdf\" target=\"_blank\" rel=\"noopener\">Porozumienie UJK-Szko\u0142a<\/a><br \/>\n<a href=\"https:\/\/cen.ujk.edu.pl\/new\/wp-content\/uploads\/2025\/10\/Standardy-ochrony-maloletnich-Zalacznik.pdf\" target=\"_blank\" rel=\"noopener\">Standardy ochrony ma\u0142oletnich Za\u0142\u0105cznik<\/a><br \/>\n<a href=\"https:\/\/cen.ujk.edu.pl\/new\/wp-content\/uploads\/2025\/10\/Wolontariat.doc\" target=\"_blank\" rel=\"noopener\">Wolontariat<\/a><\/p>\n<h3><strong>Studia drugiego stopnia &#8211; pozosta\u0142e kierunki<br \/>\n<\/strong><\/h3>\n<p>0. <a href=\"https:\/\/cen.ujk.edu.pl\/new\/wp-content\/uploads\/2025\/10\/0.-Instrukcja-obiegu-dokumentow-1.pdf\" target=\"_blank\" rel=\"noopener\">Instrukcja obiegu dokument\u00f3w<\/a><br \/>\n1. <a href=\"https:\/\/cen.ujk.edu.pl\/new\/wp-content\/uploads\/2025\/10\/1.-Oswiadczenie-o-zapoznaniu-sie-ze-Standardami-Ochrony-Maloletnich-3.pdf\" target=\"_blank\" rel=\"noopener\">O\u015bwiadczenie o zapoznaniu si\u0119 ze Standardami Ochrony Ma\u0142oletnich<\/a><br \/>\n2. <a href=\"https:\/\/cen.ujk.edu.pl\/new\/wp-content\/uploads\/2025\/10\/2.Wniosek.jpeg\" target=\"_blank\" rel=\"noopener\">Wniosek<\/a><br \/>\n3. <a href=\"https:\/\/cen.ujk.edu.pl\/new\/wp-content\/uploads\/2025\/10\/3.-Potwierdzenie-przyjecia-studenta-ZGODA.pdf\" target=\"_blank\" rel=\"noopener\">Potwierdzenie przyj\u0119cia studenta ZGODA<\/a><br \/>\n4. <a href=\"https:\/\/cen.ujk.edu.pl\/new\/wp-content\/uploads\/2025\/10\/4.-Program-praktyki-1.docx\" target=\"_blank\" rel=\"noopener\">Program praktyki<\/a><br \/>\n5. <a href=\"https:\/\/cen.ujk.edu.pl\/new\/wp-content\/uploads\/2025\/10\/5.-Umowa-1.doc\" target=\"_blank\" rel=\"noopener\">Umowa<\/a><br \/>\n5a. <a href=\"https:\/\/cen.ujk.edu.pl\/new\/wp-content\/uploads\/2025\/10\/5a.-Wzor-umowy.-NIE-DRUKOWAC.pdf\" target=\"_blank\" rel=\"noopener\">Wz\u00f3r umowy<\/a> &#8211; <span style=\"color: #ff0000;\">NIE DRUKOWA\u0106<br \/>\n<span style=\"color: #000000;\">6. <a href=\"https:\/\/cen.ujk.edu.pl\/new\/wp-content\/uploads\/2025\/10\/6.-Oswiadczenie-o-rezygnacji-z-wynagrodzenia-3.docx\" target=\"_blank\" rel=\"noopener\">O\u015bwiadczenie o rezygnacji z wynagrodzenia<\/a><br \/>\n7. <a href=\"https:\/\/cen.ujk.edu.pl\/new\/wp-content\/uploads\/2025\/10\/7.-Dziennik-praktyki-1.docx\" target=\"_blank\" rel=\"noopener\">Dziennik praktyki<\/a><br \/>\n8. <a href=\"https:\/\/cen.ujk.edu.pl\/new\/wp-content\/uploads\/2025\/10\/8.Karta-informacyjna-1.doc\" target=\"_blank\" rel=\"noopener\">Karta informacyjna<\/a><br \/>\n<\/span><\/span>9a. <a href=\"https:\/\/cen.ujk.edu.pl\/new\/wp-content\/uploads\/2025\/10\/9a.-Recenzja-druk-recenzji-1.docx\" target=\"_blank\" rel=\"noopener\">Recenzja &#8211; druk recenzji<\/a><br \/>\n9b. <a href=\"https:\/\/cen.ujk.edu.pl\/new\/wp-content\/uploads\/2025\/10\/9b.Recenzja_zawartosc-nie-drukowac.docx\" target=\"_blank\" rel=\"noopener\">Recenzja zawarto\u015b\u0107<\/a> &#8211; <span style=\"color: #ff0000;\">NIE DRUKOWA\u0106<\/span><br \/>\n10. <a href=\"https:\/\/cen.ujk.edu.pl\/new\/wp-content\/uploads\/2025\/10\/10.-Rachunek-1.doc\" target=\"_blank\" rel=\"noopener\">Rachunek<\/a><br \/>\n10a. <a href=\"https:\/\/cen.ujk.edu.pl\/new\/wp-content\/uploads\/2025\/10\/10a.-Wzor-wypelnienia-rachunku-NIE-DRUKOWAC-1.docx\" target=\"_blank\" rel=\"noopener\">Wz\u00f3r wype\u0142nienia rachunku<\/a> &#8211; <span style=\"color: #ff0000;\">NIE DRUKOWA\u0106<\/span><br \/>\n11. <a href=\"https:\/\/cen.ujk.edu.pl\/new\/wp-content\/uploads\/2025\/10\/11.-Ankieta-dla-nauczyciela-1.docx\" target=\"_blank\" rel=\"noopener\">Ankieta dla nauczyciela<\/a><br \/>\n12. <a href=\"https:\/\/cen.ujk.edu.pl\/new\/wp-content\/uploads\/2025\/10\/12.Ankieta-dla-studenta.docx\" target=\"_blank\" rel=\"noopener\">Ankieta dla studenta<\/a><br \/>\n13. <a href=\"https:\/\/cen.ujk.edu.pl\/new\/wp-content\/uploads\/2025\/10\/13.-Identyfikator-1-2.docx\" target=\"_blank\" rel=\"noopener\">Identyfikator<\/a><br \/>\n<a href=\"https:\/\/cen.ujk.edu.pl\/new\/wp-content\/uploads\/2025\/10\/Arkusz-hospitacji_praktyk-psych_ped-1.pdf\" target=\"_blank\" rel=\"noopener\">Arkusz hospitacji praktyk psych-ped<\/a><br \/>\n<a href=\"https:\/\/cen.ujk.edu.pl\/new\/wp-content\/uploads\/2025\/10\/Instrukcja-praktyki-1.pdf\" target=\"_blank\" rel=\"noopener\">Instrukcja praktyki<\/a><br \/>\n<a href=\"https:\/\/cen.ujk.edu.pl\/new\/wp-content\/uploads\/2025\/10\/Porozumienie-UJK-Szkola-1.pdf\" target=\"_blank\" rel=\"noopener\">Porozumienie UJK-Szko\u0142a<\/a><br \/>\n<a href=\"https:\/\/cen.ujk.edu.pl\/new\/wp-content\/uploads\/2025\/10\/Standardy-ochrony-maloletnich-Zalacznik-1.pdf\" target=\"_blank\" rel=\"noopener\">Standardy ochrony ma\u0142oletnich Za\u0142\u0105cznik<\/a><br \/>\n<a href=\"https:\/\/cen.ujk.edu.pl\/new\/wp-content\/uploads\/2025\/10\/Wolontariat-1.doc\" target=\"_blank\" rel=\"noopener\">Wolontariat<\/a><\/p>\n","protected":false},"excerpt":{"rendered":"<p>Dokumentacja obowi\u0105zuj\u0105ca od roku akademickiego 2025\/2026 PROCEDURA ODBYWANIA I DOKUMENTOWANIA STUDENCKICH PRAKTYK ZAWODOWYCH organizowanych przez Centrum Edukacji Nauczycielskiej UJK Za\u0142\u0105czniki: Studia\u00a0pierwszego\u00a0stopnia\u00a0&#8211;\u00a0logopedia\u00a0og\u00f3lna 0. Prezentacja PRAKTYKI PSYCHOLOGICZNO-PEDAGOGICZNE 1. O\u015bwiadczenie o zapoznaniu si\u0119 ze Standardami Ochrony Ma\u0142oletnich 2. Wniosek 3. Potwierdzenie przyj\u0119cia na praktyk\u0119 3a. Wz\u00f3r wype\u0142nienia &#8211; Potwierdzenie przyj\u0119cia na praktyk\u0119 4. Program praktyki L 5. Umowa [&hellip;]<\/p>\n","protected":false},"author":1,"featured_media":0,"parent":0,"menu_order":0,"comment_status":"closed","ping_status":"closed","template":"","meta":{"footnotes":""},"class_list":["post-498","page","type-page","status-publish","hentry"],"_links":{"self":[{"href":"https:\/\/cen.ujk.edu.pl\/new\/wp-json\/wp\/v2\/pages\/498","targetHints":{"allow":["GET"]}}],"collection":[{"href":"https:\/\/cen.ujk.edu.pl\/new\/wp-json\/wp\/v2\/pages"}],"about":[{"href":"https:\/\/cen.ujk.edu.pl\/new\/wp-json\/wp\/v2\/types\/page"}],"author":[{"embeddable":true,"href":"https:\/\/cen.ujk.edu.pl\/new\/wp-json\/wp\/v2\/users\/1"}],"replies":[{"embeddable":true,"href":"https:\/\/cen.ujk.edu.pl\/new\/wp-json\/wp\/v2\/comments?post=498"}],"version-history":[{"count":18,"href":"https:\/\/cen.ujk.edu.pl\/new\/wp-json\/wp\/v2\/pages\/498\/revisions"}],"predecessor-version":[{"id":617,"href":"https:\/\/cen.ujk.edu.pl\/new\/wp-json\/wp\/v2\/pages\/498\/revisions\/617"}],"wp:attachment":[{"href":"https:\/\/cen.ujk.edu.pl\/new\/wp-json\/wp\/v2\/media?parent=498"}],"curies":[{"name":"wp","href":"https:\/\/api.w.org\/{rel}","templated":true}]}}