{"id":95,"date":"2022-09-27T09:17:01","date_gmt":"2022-09-27T07:17:01","guid":{"rendered":"https:\/\/cen.ujk.edu.pl\/new\/?page_id=95"},"modified":"2022-09-27T09:21:42","modified_gmt":"2022-09-27T07:21:42","slug":"potwierdzenie-kwalifikacji","status":"publish","type":"page","link":"https:\/\/cen.ujk.edu.pl\/new\/potwierdzenie-kwalifikacji\/","title":{"rendered":"Potwierdzenie kwalifikacji"},"content":{"rendered":"<h2>ABSOLWENCI &#8211; POTWIERDZANIE KWALIFIKACJI DO WYKONYWANIA ZAWODU NAUCZYCIELA<\/h2>\n<p>Zgodnie z regulaminem Centrum Edukacji Nauczycielskiej Uniwersytetu Jana Kochanowskiego w Kielcach (za\u0142\u0105cznik do zarz\u0105dzenia nr 15\/2020 Rektora UJK par. 6, ust. 1.5 i 1.6), do obowi\u0105zk\u00f3w kierownika CEN nale\u017cy:<\/p>\n<ul>\n<li>weryfikowanie, na wniosek macierzystych jednostek, uzyskania przygotowania pedagogicznego przez absolwent\u00f3w wyst\u0119puj\u0105cych o stosowne za\u015bwiadczenie,<\/li>\n<li>wydawanie, z upowa\u017cnienia rektora, za\u015bwiadcze\u0144 o uzyskaniu kwalifikacji do wykonywania zawodu nauczyciela<\/li>\n<\/ul>\n","protected":false},"excerpt":{"rendered":"<p>ABSOLWENCI &#8211; POTWIERDZANIE KWALIFIKACJI DO WYKONYWANIA ZAWODU NAUCZYCIELA Zgodnie z regulaminem Centrum Edukacji Nauczycielskiej Uniwersytetu Jana Kochanowskiego w Kielcach (za\u0142\u0105cznik do zarz\u0105dzenia nr 15\/2020 Rektora UJK par. 6, ust. 1.5 i 1.6), do obowi\u0105zk\u00f3w kierownika CEN nale\u017cy: weryfikowanie, na wniosek macierzystych jednostek, uzyskania przygotowania pedagogicznego przez absolwent\u00f3w wyst\u0119puj\u0105cych o stosowne za\u015bwiadczenie, wydawanie, z upowa\u017cnienia rektora, [&hellip;]<\/p>\n","protected":false},"author":1,"featured_media":0,"parent":0,"menu_order":0,"comment_status":"closed","ping_status":"closed","template":"","meta":{"footnotes":""},"class_list":["post-95","page","type-page","status-publish","hentry"],"_links":{"self":[{"href":"https:\/\/cen.ujk.edu.pl\/new\/wp-json\/wp\/v2\/pages\/95","targetHints":{"allow":["GET"]}}],"collection":[{"href":"https:\/\/cen.ujk.edu.pl\/new\/wp-json\/wp\/v2\/pages"}],"about":[{"href":"https:\/\/cen.ujk.edu.pl\/new\/wp-json\/wp\/v2\/types\/page"}],"author":[{"embeddable":true,"href":"https:\/\/cen.ujk.edu.pl\/new\/wp-json\/wp\/v2\/users\/1"}],"replies":[{"embeddable":true,"href":"https:\/\/cen.ujk.edu.pl\/new\/wp-json\/wp\/v2\/comments?post=95"}],"version-history":[{"count":2,"href":"https:\/\/cen.ujk.edu.pl\/new\/wp-json\/wp\/v2\/pages\/95\/revisions"}],"predecessor-version":[{"id":98,"href":"https:\/\/cen.ujk.edu.pl\/new\/wp-json\/wp\/v2\/pages\/95\/revisions\/98"}],"wp:attachment":[{"href":"https:\/\/cen.ujk.edu.pl\/new\/wp-json\/wp\/v2\/media?parent=95"}],"curies":[{"name":"wp","href":"https:\/\/api.w.org\/{rel}","templated":true}]}}