{"id":99,"date":"2022-09-27T09:23:35","date_gmt":"2022-09-27T07:23:35","guid":{"rendered":"https:\/\/cen.ujk.edu.pl\/new\/?page_id=99"},"modified":"2023-10-05T10:22:33","modified_gmt":"2023-10-05T08:22:33","slug":"podstawy-prawne","status":"publish","type":"page","link":"https:\/\/cen.ujk.edu.pl\/new\/podstawy-prawne\/","title":{"rendered":"Podstawy prawne"},"content":{"rendered":"<h2>PODSTAWY PRAWNE KSZTA\u0141CENIA NAUCZYCIELI<\/h2>\n<ul>\n<li><a href=\"https:\/\/isap.sejm.gov.pl\/isap.nsf\/download.xsp\/WDU20190001450\/O\/D20191450.pdf\" target=\"_blank\" rel=\"noopener\">Rozporz\u0105dzenie Ministra Nauki i Szkolnictwa Wy\u017cszego w sprawie standardu kszta\u0142cenia przygotowuj\u0105cego do wykonywania zawodu nauczyciela \/ *.pdf<\/a><\/li>\n<li><a href=\"https:\/\/cen.ujk.edu.pl\/new\/wp-content\/uploads\/2023\/10\/rozporzadzenie-w-sprawie-kwalifikacji-nauczycieli_nowe-2023.pdf\" target=\"_blank\" rel=\"noopener\">Rozporz\u0105dzenie Ministra Edukacji Narodowej w sprawie szczeg\u00f3\u0142owych kwalifikacji wymaganych od nauczycieli \/ *.pdf<\/a><\/li>\n<\/ul>\n","protected":false},"excerpt":{"rendered":"<p>PODSTAWY PRAWNE KSZTA\u0141CENIA NAUCZYCIELI Rozporz\u0105dzenie Ministra Nauki i Szkolnictwa Wy\u017cszego w sprawie standardu kszta\u0142cenia przygotowuj\u0105cego do wykonywania zawodu nauczyciela \/ *.pdf Rozporz\u0105dzenie Ministra Edukacji Narodowej w sprawie szczeg\u00f3\u0142owych kwalifikacji wymaganych od nauczycieli \/ *.pdf<\/p>\n","protected":false},"author":1,"featured_media":0,"parent":0,"menu_order":0,"comment_status":"closed","ping_status":"closed","template":"","meta":{"footnotes":""},"class_list":["post-99","page","type-page","status-publish","hentry"],"_links":{"self":[{"href":"https:\/\/cen.ujk.edu.pl\/new\/wp-json\/wp\/v2\/pages\/99","targetHints":{"allow":["GET"]}}],"collection":[{"href":"https:\/\/cen.ujk.edu.pl\/new\/wp-json\/wp\/v2\/pages"}],"about":[{"href":"https:\/\/cen.ujk.edu.pl\/new\/wp-json\/wp\/v2\/types\/page"}],"author":[{"embeddable":true,"href":"https:\/\/cen.ujk.edu.pl\/new\/wp-json\/wp\/v2\/users\/1"}],"replies":[{"embeddable":true,"href":"https:\/\/cen.ujk.edu.pl\/new\/wp-json\/wp\/v2\/comments?post=99"}],"version-history":[{"count":3,"href":"https:\/\/cen.ujk.edu.pl\/new\/wp-json\/wp\/v2\/pages\/99\/revisions"}],"predecessor-version":[{"id":177,"href":"https:\/\/cen.ujk.edu.pl\/new\/wp-json\/wp\/v2\/pages\/99\/revisions\/177"}],"wp:attachment":[{"href":"https:\/\/cen.ujk.edu.pl\/new\/wp-json\/wp\/v2\/media?parent=99"}],"curies":[{"name":"wp","href":"https:\/\/api.w.org\/{rel}","templated":true}]}}